{"id":316,"date":"2014-03-11T22:30:23","date_gmt":"2014-03-11T22:30:23","guid":{"rendered":"http:\/\/modulosdepago.es\/blog\/?page_id=316"},"modified":"2017-08-28T06:35:33","modified_gmt":"2017-08-28T06:35:33","slug":"tokenizacion-de-tarjetas","status":"publish","type":"page","link":"http:\/\/modulosdepago.es\/blog\/tokenizacion-de-tarjetas\/","title":{"rendered":"Tokenizaci\u00f3n de tarjetas"},"content":{"rendered":"<p>B\u00e1sicamente,\u00a0<em>tokenizar<\/em>\u00a0un conjunto de datos trata de substituirlos por otro conjunto , que podamos utilizar en su lugar, utilizando un algoritmo dif\u00edcil de adivinar y que adem\u00e1s se pueda revertir si fuera necesario. Normalmente se utiliza para almacenar de forma segura informaci\u00f3n sensible, como por ejemplo contrase\u00f1as, datos personales y por supuesto datos bancarios.<\/p>\n<p>En la industria de las tarjetas de cr\u00e9dito se utiliza desde 2005 para, entre otras cosas, almacenar tarjetas de cr\u00e9dito validadas de manera que las podamos utilizar posteriormente. Nuestra pasarela de pago almacenar\u00e1 los datos de la tarjeta, cumpliendo los m\u00e1s altos est\u00e1ndares de seguridad marcados por la industria y nos dar\u00e1 un\u00a0<em>token<\/em>\u00a0con el que hacer referencia a la misma a la hora de hacer cargos posteriormente. De esta forma los datos de nuestros clientes est\u00e1n mucho m\u00e1s protegidos.<\/p>\n<p>Esta es la forma en la que funcionan los servicios que permiten\u00a0pagos recurrentes:<\/p>\n<ol>\n<li>El negocio solicita los datos de la tarjeta de cr\u00e9dito del cliente<\/li>\n<li>Los env\u00eda a la pasarela de pago para su tokenizaci\u00f3n<\/li>\n<li>La pasarela devuelve el token al negocio, que lo almacena relacionado con la transacci\u00f3n o el cliente<\/li>\n<li>A partir de aqu\u00ed el negocio puede realizar todas las operaciones que quiera sobre esa tarjeta sin que el cliente intervenga utilizando el token.<\/li>\n<\/ol>\n<h3 id=\"he_ledo_bien_lo_que_quiera\">\u00bfHe le\u00eddo bien?, \u00bflo que quiera?<\/h3>\n<p>Si, lo que quiera, mientras el token y la tarjeta sean v\u00e1lidos. No hay que olvidar que las tarjetas pueden ser canceladas, anuladas o caducar.<\/p>\n<p>Pero igual de importante es realizar las operaciones adecuadas, en el momento adecuado. De no ser as\u00ed puede aumentar el n\u00famero de disputas de cargos y con ello aumentar nuestro\u00a0<em>fee<\/em>\u00a0o que nos bloqueen la pasarela, as\u00ed que no lo entiendas como una barra libre.<\/p>\n<h3 id=\"me_estoy_casando_con_mi_plataforma\">\u00bfMe estoy casando con mi plataforma?<\/h3>\n<p>Aunque no es algo que se ofrezca siempre p\u00fablicamente, la mayor\u00eda de las pasarelas que ofrecen tokenizaci\u00f3n permiten mover una vez los tokens de una pasarela a otra. Cons\u00faltales si es tu caso o si te da miedo.<\/p>\n<p>En este sentido tambi\u00e9n es muy interesante el servicio de <a title=\"PayTPV\" href=\"https:\/\/www.paytpv.com\/\" target=\"_blank\">PayTPV<\/a>, \u00a0que nos ofrece entre otras cosas, la posibilidad de\u00a0<em>tokenizar<\/em>\u00a0tarjetas de forma independiente a la pasarela, con su producto BankStore. De esta forma puedes utilizar una misma tarjeta\u00a0<em>tokenizada<\/em>\u00a0con distintas pasarelas seg\u00fan te interese en cada momento.<\/p>\n<h3 id=\"pasarelas_de_pago\">\u00bfC\u00f3mo podemos integrar esta funcionalidad en nuestras tiendas?<\/h3>\n<p>A d\u00eda de hoy estamos desarrollando m\u00f3dulos de pago para tiendas online que nos permitan aprovechar esta funcionalidad en ellas. Los m\u00f3dulos que ya tenemos listos son:<\/p>\n<ul>\n<li><a title=\"Pasarela de pagos Reds\u00fds WooComemrce\" href=\"http:\/\/modulosdepago.es\/WooCommerce_Redsys_Token\" target=\"_blank\">Pasarela de pago Reds\u00fds para WooCommerce (Advanced)<\/a><\/li>\n<\/ul>\n<div>Parte de la informaci\u00f3n ha sido extra\u00edda del sitio (<a href=\"http:\/\/www.cobraronline.es\/\" rel=\"cc:attributionURL\">cobraronline.es de Alberto Molpeceres<\/a>) \/ <a href=\"http:\/\/creativecommons.org\/licenses\/by\/3.0\/\" rel=\"license\">CC BY 3.0<\/a><\/div>\n","protected":false},"excerpt":{"rendered":"<p>B\u00e1sicamente,\u00a0tokenizar\u00a0un conjunto de datos trata de substituirlos por otro conjunto , que podamos utilizar en su lugar, utilizando un algoritmo dif\u00edcil de adivinar y que adem\u00e1s se pueda revertir si fuera necesario. Normalmente se utiliza para almacenar de forma segura informaci\u00f3n sensible, como por ejemplo contrase\u00f1as, datos personales y por supuesto datos bancarios. En la &hellip; <a href=\"http:\/\/modulosdepago.es\/blog\/tokenizacion-de-tarjetas\/\" class=\"more-link\">Seguir leyendo <span class=\"screen-reader-text\">Tokenizaci\u00f3n de tarjetas<\/span> <span class=\"meta-nav\">&rarr;<\/span><\/a><\/p>\n","protected":false},"author":1,"featured_media":0,"parent":0,"menu_order":0,"comment_status":"open","ping_status":"open","template":"","meta":{"footnotes":""},"class_list":["post-316","page","type-page","status-publish","hentry"],"_links":{"self":[{"href":"http:\/\/modulosdepago.es\/blog\/wp-json\/wp\/v2\/pages\/316","targetHints":{"allow":["GET"]}}],"collection":[{"href":"http:\/\/modulosdepago.es\/blog\/wp-json\/wp\/v2\/pages"}],"about":[{"href":"http:\/\/modulosdepago.es\/blog\/wp-json\/wp\/v2\/types\/page"}],"author":[{"embeddable":true,"href":"http:\/\/modulosdepago.es\/blog\/wp-json\/wp\/v2\/users\/1"}],"replies":[{"embeddable":true,"href":"http:\/\/modulosdepago.es\/blog\/wp-json\/wp\/v2\/comments?post=316"}],"version-history":[{"count":6,"href":"http:\/\/modulosdepago.es\/blog\/wp-json\/wp\/v2\/pages\/316\/revisions"}],"predecessor-version":[{"id":336,"href":"http:\/\/modulosdepago.es\/blog\/wp-json\/wp\/v2\/pages\/316\/revisions\/336"}],"wp:attachment":[{"href":"http:\/\/modulosdepago.es\/blog\/wp-json\/wp\/v2\/media?parent=316"}],"curies":[{"name":"wp","href":"https:\/\/api.w.org\/{rel}","templated":true}]}}